{"id":28846,"date":"2014-05-24T13:51:08","date_gmt":"2014-05-24T13:51:08","guid":{"rendered":"https:\/\/porto-capital.com\/?page_id=28846"},"modified":"2025-05-18T15:55:23","modified_gmt":"2025-05-18T15:55:23","slug":"uslovi-koriscenja","status":"publish","type":"page","link":"https:\/\/porto-capital.com\/sr\/uslovi-koriscenja\/","title":{"rendered":"Uslovi kori\u0161\u0107enja"},"content":{"rendered":"\t\t<div data-elementor-type=\"wp-page\" data-elementor-id=\"28846\" class=\"elementor elementor-28846 elementor-5275\">\n\t\t\t\t<div class=\"elementor-element elementor-element-7b04b997 e-flex e-con-boxed e-con e-parent\" data-id=\"7b04b997\" data-element_type=\"container\" data-e-type=\"container\">\n\t\t\t\t\t<div class=\"e-con-inner\">\n\t\t\t\t<div class=\"elementor-element elementor-element-7414103a elementor-widget elementor-widget-text-editor\" data-id=\"7414103a\" data-element_type=\"widget\" data-e-type=\"widget\" data-widget_type=\"text-editor.default\">\n\t\t\t\t<div class=\"elementor-widget-container\">\n\t\t\t\t\t\t\t\t\t<p class=\"\" data-start=\"247\" data-end=\"499\">Dobro do\u0161li na <a class=\"\" href=\"https:\/\/porto-capital.com\/sr\/\" target=\"_new\" rel=\"noopener\" data-start=\"258\" data-end=\"312\">https:\/\/porto-capital.com<\/a> . Pristupom i kori\u0161tenjem na\u0161e web stranice, sla\u017eete se da \u0107ete se pridr\u017eavati sljede\u0107ih Uslova kori\u0161tenja i da \u0107ete biti obavezani njima. Ako se ne sla\u017eete s bilo kojim dijelom ovih uslova, molimo vas da ne koristite na\u0161u web stranicu.  <\/p><hr class=\"\" data-start=\"501\" data-end=\"504\"><h3 class=\"\" data-start=\"506\" data-end=\"535\">1. Pristup i kori\u0161tenje web stranice<\/h3><p class=\"\" data-start=\"537\" data-end=\"617\">Ovu web stranicu mo\u017eete koristiti samo u zakonite svrhe. Kori\u0161tenjem na\u0161e stranice sla\u017eete se sa: <\/p><ul data-start=\"619\" data-end=\"898\"><li class=\"\" data-start=\"619\" data-end=\"725\"><p class=\"\" data-start=\"621\" data-end=\"725\">Ne upu\u0161tati se u bilo kakve aktivnosti koje bi mogle o\u0161tetiti ili ometati pravilno funkcioniranje web stranice.<\/p><\/li><li class=\"\" data-start=\"726\" data-end=\"822\"><p class=\"\" data-start=\"728\" data-end=\"822\">Ne poku\u0161avati neovla\u0161teni pristup bilo kojem dijelu stranice, njenih servera ili povezanih sistema.<\/p><\/li><li class=\"\" data-start=\"823\" data-end=\"898\"><p class=\"\" data-start=\"825\" data-end=\"898\">Ne koristiti web stranicu u bilo kakve nezakonite, \u0161tetne ili prevarne svrhe.<\/p><\/li><\/ul><p class=\"\" data-start=\"900\" data-end=\"1011\">Zadr\u017eavamo pravo da ograni\u010dimo ili ukinemo pristup web stranici bez prethodne najave ako se ovi uslovi prekr\u0161e.<\/p><hr class=\"\" data-start=\"1013\" data-end=\"1016\"><h3 class=\"\" data-start=\"1018\" data-end=\"1046\">2. Intelektualno vlasni\u0161tvo<\/h3><p class=\"\" data-start=\"1048\" data-end=\"1376\">Sav sadr\u017eaj na ovoj web stranici, uklju\u010duju\u0107i, ali ne ograni\u010davaju\u0107i se na tekst, slike, logotipe, grafiku i raspored, vlasni\u0161tvo je Porto Capitala ili njegovih pru\u017eatelja sadr\u017eaja i za\u0161ti\u0107en je va\u017ee\u0107im zakonima o intelektualnom vlasni\u0161tvu. Ne smijete kopirati, reproducirati, distribuirati ili koristiti bilo koji materijal s ove stranice bez na\u0161e prethodne pismene saglasnosti. <\/p><hr class=\"\" data-start=\"1378\" data-end=\"1381\"><h3 class=\"\" data-start=\"1383\" data-end=\"1413\">3. Ta\u010dnost informacija<\/h3><p class=\"\" data-start=\"1415\" data-end=\"1727\">Iako se trudimo da sve informacije navedene na na\u0161oj web stranici budu ta\u010dne i a\u017eurne, ne garantujemo potpunost, pouzdanost ili ta\u010dnost bilo kojeg sadr\u017eaja. Informacije na ovoj stranici date su u op\u0161te informativne svrhe i ne treba ih smatrati stru\u010dnim ili pravnim savjetom. <\/p><hr class=\"\" data-start=\"1729\" data-end=\"1732\"><h3 class=\"\" data-start=\"1734\" data-end=\"1767\">4. Linkovi do web-stranica tre\u0107ih strana<\/h3><p class=\"\" data-start=\"1769\" data-end=\"1960\">Na\u0161a web stranica mo\u017ee sadr\u017eavati linkove do web stranica tre\u0107ih strana radi va\u0161e udobnosti. Ovi linkovi ne podrazumijevaju odobravanje i mi nismo odgovorni za sadr\u017eaj ili prakse vanjskih web stranica. <\/p><hr class=\"\" data-start=\"1962\" data-end=\"1965\"><h3 class=\"\" data-start=\"1967\" data-end=\"1996\">5. Analitika i pra\u0107enje<\/h3><p class=\"\" data-start=\"1998\" data-end=\"2295\">Koristimo <strong data-start=\"2005\" data-end=\"2033\">Google Analytics 4 (GA4)<\/strong> i <strong data-start=\"2038\" data-end=\"2063\">Google Search Console<\/strong> za pra\u0107enje i pobolj\u0161anje performansi na\u0161e web stranice i korisni\u010dkog iskustva. Ovi alati prikupljaju podatke koji ne mogu li\u010dno identifikovati korisnika u skladu s <a class=\"cursor-pointer\" target=\"_new\" rel=\"noopener\" data-start=\"2211\" data-end=\"2294\">Googleovim pravilima o privatnosti<\/a> . <\/p><p class=\"\" data-start=\"2297\" data-end=\"2381\">Kori\u0161tenjem na\u0161e stranice, pristajete na obradu podataka od strane ovih alata tre\u0107ih strana.<\/p><hr class=\"\" data-start=\"2383\" data-end=\"2386\"><h3 class=\"\" data-start=\"2388\" data-end=\"2418\">6. Ograni\u010denje odgovornosti<\/h3><p class=\"\" data-start=\"2420\" data-end=\"2684\">U najve\u0107oj mjeri dozvoljenoj zakonom, Porto Capital ne\u0107e biti odgovoran za bilo kakvu direktnu, indirektnu, slu\u010dajnu ili posljedi\u010dnu \u0161tetu nastalu kori\u0161tenjem ove web stranice, uklju\u010duju\u0107i, ali ne ograni\u010davaju\u0107i se na gre\u0161ke, prekide, gubitak podataka ili neovla\u0161teni pristup.<\/p><hr class=\"\" data-start=\"2686\" data-end=\"2689\"><h3 class=\"\" data-start=\"2691\" data-end=\"2711\">7. Mjerodavno pravo<\/h3><p class=\"\" data-start=\"2713\" data-end=\"2929\">Ovi Uslovi kori\u0161tenja regulisani su zakonima Crne Gore. Svi sporovi koji proiza\u0111u iz ili su u vezi sa kori\u0161tenjem ove web stranice podlije\u017eu isklju\u010divoj nadle\u017enosti nadle\u017enih sudova u Crnoj Gori. <\/p><hr class=\"\" data-start=\"2931\" data-end=\"2934\"><h3 class=\"\" data-start=\"2936\" data-end=\"2965\">8. Izmjene ovih Uslova<\/h3><p class=\"\" data-start=\"2967\" data-end=\"3170\">Ove Uslove kori\u0161tenja mo\u017eemo revidirati u bilo kojem trenutku bez prethodne najave. Nastavkom kori\u0161tenja web stranice nakon \u0161to su napravljene izmjene, prihvatate revidirane uslove. Molimo vas da periodi\u010dno pregledavate ovu stranicu radi a\u017euriranja.  <\/p><hr class=\"\" data-start=\"3172\" data-end=\"3175\"><h3 class=\"\" data-start=\"3177\" data-end=\"3191\">9. Kontakt<\/h3><p class=\"\" data-start=\"3193\" data-end=\"3271\">Ako imate bilo kakvih pitanja u vezi s ovim Uslovima kori\u0161tenja, mo\u017eete nas kontaktirati na:<\/p><p class=\"\" data-start=\"3273\" data-end=\"3347\"><strong data-start=\"3273\" data-end=\"3290\">Porto Capital<\/strong><br data-start=\"3290\" data-end=\"3293\"> Telefon: +382 69 304 304<br data-start=\"3315\" data-end=\"3318\"> E-po\u0161ta: <a class=\"cursor-pointer\" rel=\"noopener\" data-start=\"3325\" data-end=\"3347\">info@porto-capital.com<\/a><\/p>\t\t\t\t\t\t\t\t<\/div>\n\t\t\t\t<\/div>\n\t\t\t\t\t<\/div>\n\t\t\t\t<\/div>\n\t\t\t\t<\/div>\n\t\t","protected":false},"excerpt":{"rendered":"<p>Dobro do\u0161li na https:\/\/porto-capital.com . Pristupom i kori\u0161tenjem na\u0161e web stranice, sla\u017eete se da \u0107ete se pridr\u017eavati sljede\u0107ih Uslova kori\u0161tenja i da \u0107ete biti obavezani njima. Ako se ne sla\u017eete s bilo kojim dijelom ovih uslova, molimo vas da ne koristite na\u0161u web stranicu. 1. Pristup i kori\u0161tenje web stranice Ovu web stranicu mo\u017eete koristiti samo u zakonite svrhe. Kori\u0161tenjem na\u0161e stranice sla\u017eete se &#8230;<\/p>\n","protected":false},"author":1,"featured_media":0,"parent":0,"menu_order":0,"comment_status":"closed","ping_status":"closed","template":"page-templates\/terms_conditions.php","meta":{"inline_featured_image":false,"footnotes":""},"class_list":["post-28846","page","type-page","status-publish","hentry"],"_links":{"self":[{"href":"https:\/\/porto-capital.com\/sr\/wp-json\/wp\/v2\/pages\/28846","targetHints":{"allow":["GET"]}}],"collection":[{"href":"https:\/\/porto-capital.com\/sr\/wp-json\/wp\/v2\/pages"}],"about":[{"href":"https:\/\/porto-capital.com\/sr\/wp-json\/wp\/v2\/types\/page"}],"author":[{"embeddable":true,"href":"https:\/\/porto-capital.com\/sr\/wp-json\/wp\/v2\/users\/1"}],"replies":[{"embeddable":true,"href":"https:\/\/porto-capital.com\/sr\/wp-json\/wp\/v2\/comments?post=28846"}],"version-history":[{"count":2,"href":"https:\/\/porto-capital.com\/sr\/wp-json\/wp\/v2\/pages\/28846\/revisions"}],"predecessor-version":[{"id":31721,"href":"https:\/\/porto-capital.com\/sr\/wp-json\/wp\/v2\/pages\/28846\/revisions\/31721"}],"wp:attachment":[{"href":"https:\/\/porto-capital.com\/sr\/wp-json\/wp\/v2\/media?parent=28846"}],"curies":[{"name":"wp","href":"https:\/\/api.w.org\/{rel}","templated":true}]}}