{"id":28681,"date":"2014-05-30T12:07:14","date_gmt":"2014-05-30T12:07:14","guid":{"rendered":"https:\/\/porto-capital.com\/agenti\/"},"modified":"2025-04-09T21:26:58","modified_gmt":"2025-04-09T21:26:58","slug":"agenti","status":"publish","type":"page","link":"https:\/\/porto-capital.com\/sr\/agenti\/","title":{"rendered":"Agenti"},"content":{"rendered":"<p>Volimo da mislimo o sebi kao o maloj, ali savr\u0161eno formiranoj agenciji za iznajmljivanje i upravljanje. Rade\u0107i dobijate izlo\u017eenost, znanje i stru\u010dnost koje biste o\u010dekivali od velikog agenta, ali uslugu koju \u0107ete dobiti samo od manjeg preduze\u0107a izgra\u0111enog oko 100% fokusiranosti na klijente i zakupce. <\/p>\n<p>Bilo da tra\u017eite nekretninu za prodaju u podru\u010dju New Yorka ili nekretninu za iznajmljivanje, WP Residence olak\u0161ava pretra\u017eivanje. Upotrijebite na\u0161u jedinstvenu zna\u010dajku geolokacijskog mapiranja da iskorijenite svoju idealnu vilu, gradsku ku\u0107u ili stan i direktno kontaktirajte vlasnike. Pomo\u0107i \u0107emo vam da prona\u0111ete ku\u0107u iz snova za samo nekoliko sekundi.  <\/p>\n\n<p><\/p>\n","protected":false},"excerpt":{"rendered":"<p>Volimo da mislimo o sebi kao o maloj, ali savr\u0161eno formiranoj agenciji za iznajmljivanje i upravljanje. Rade\u0107i dobijate izlo\u017eenost, znanje i stru\u010dnost koje biste o\u010dekivali od velikog agenta, ali uslugu koju \u0107ete dobiti samo od manjeg preduze\u0107a izgra\u0111enog oko 100% fokusiranosti na klijente i zakupce. Bilo da tra\u017eite nekretninu za prodaju u podru\u010dju New Yorka ili nekretninu za iznajmljivanje, WP Residence olak\u0161ava pretra\u017eivanje. Upotrijebite &#8230;<\/p>\n","protected":false},"author":1,"featured_media":0,"parent":0,"menu_order":0,"comment_status":"open","ping_status":"open","template":"page-templates\/agents_list.php","meta":{"inline_featured_image":false,"footnotes":""},"class_list":["post-28681","page","type-page","status-publish","hentry"],"_links":{"self":[{"href":"https:\/\/porto-capital.com\/sr\/wp-json\/wp\/v2\/pages\/28681","targetHints":{"allow":["GET"]}}],"collection":[{"href":"https:\/\/porto-capital.com\/sr\/wp-json\/wp\/v2\/pages"}],"about":[{"href":"https:\/\/porto-capital.com\/sr\/wp-json\/wp\/v2\/types\/page"}],"author":[{"embeddable":true,"href":"https:\/\/porto-capital.com\/sr\/wp-json\/wp\/v2\/users\/1"}],"replies":[{"embeddable":true,"href":"https:\/\/porto-capital.com\/sr\/wp-json\/wp\/v2\/comments?post=28681"}],"version-history":[{"count":2,"href":"https:\/\/porto-capital.com\/sr\/wp-json\/wp\/v2\/pages\/28681\/revisions"}],"predecessor-version":[{"id":28683,"href":"https:\/\/porto-capital.com\/sr\/wp-json\/wp\/v2\/pages\/28681\/revisions\/28683"}],"wp:attachment":[{"href":"https:\/\/porto-capital.com\/sr\/wp-json\/wp\/v2\/media?parent=28681"}],"curies":[{"name":"wp","href":"https:\/\/api.w.org\/{rel}","templated":true}]}}