{"id":28677,"date":"2014-05-24T13:54:01","date_gmt":"2014-05-24T13:54:01","guid":{"rendered":"https:\/\/porto-capital.com\/politika-privatnosti\/"},"modified":"2025-05-18T15:58:20","modified_gmt":"2025-05-18T15:58:20","slug":"politika-privatnosti","status":"publish","type":"page","link":"https:\/\/porto-capital.com\/sr\/politika-privatnosti\/","title":{"rendered":"Politika privatnosti"},"content":{"rendered":"\t\t<div data-elementor-type=\"wp-page\" data-elementor-id=\"28677\" class=\"elementor elementor-28677 elementor-18153\">\n\t\t\t\t<div class=\"elementor-element elementor-element-529da781 e-flex e-con-boxed e-con e-parent\" data-id=\"529da781\" data-element_type=\"container\" data-e-type=\"container\">\n\t\t\t\t\t<div class=\"e-con-inner\">\n\t\t\t\t<div class=\"elementor-element elementor-element-1ca3b6ab elementor-widget elementor-widget-text-editor\" data-id=\"1ca3b6ab\" data-element_type=\"widget\" data-e-type=\"widget\" data-widget_type=\"text-editor.default\">\n\t\t\t\t<div class=\"elementor-widget-container\">\n\t\t\t\t\t\t\t\t\t<p class=\"\" data-start=\"170\" data-end=\"220\"><em data-start=\"191\" data-end=\"220\">Posljednje a\u017euriranje: 19.05.2025.<\/em><\/p><p class=\"\" data-start=\"222\" data-end=\"541\">U Porto Capitalu, dostupnom na <a class=\"\" href=\"https:\/\/porto-capital.com\/sr\/\" target=\"_new\" rel=\"noopener\" data-start=\"256\" data-end=\"310\">https:\/\/porto-capital.com<\/a> , posve\u0107eni smo za\u0161titi va\u0161e privatnosti i osiguravanju sigurnosti va\u0161ih li\u010dnih podataka. Ova Politika privatnosti obja\u0161njava kako prikupljamo, koristimo i \u0161titimo va\u0161e podatke kada posjetite na\u0161u web stranicu ili komunicirate s nama. <\/p><hr class=\"\" data-start=\"543\" data-end=\"546\"><h2 data-start=\"548\" data-end=\"577\">1. Informacije koje prikupljamo<\/h2><p class=\"\" data-start=\"579\" data-end=\"634\">Mo\u017eemo prikupljati i obra\u0111ivati \u200b\u200bsljede\u0107e vrste podataka:<\/p><ul><li data-start=\"638\" data-end=\"871\"><strong data-start=\"638\" data-end=\"662\">Li\u010dni podaci<\/strong> : Ako nas kontaktirate putem na\u0161e web stranice (npr. putem <a class=\"\" href=\"https:\/\/porto-capital.com\/sr\/kontaktirajte-nas\/\" target=\"_new\" rel=\"noopener\" data-start=\"712\" data-end=\"763\">Kontaktirajte nas<\/a> ), mo\u017eemo prikupiti va\u0161e ime, adresu e-po\u0161te, broj telefona i sve druge podatke koje dobrovoljno date.<\/li><li data-start=\"874\" data-end=\"1103\"><strong data-start=\"874\" data-end=\"892\">Analiti\u010dki podaci<\/strong> : Koristimo Google Analytics 4 (GA4) i Google Search Console za prikupljanje podataka koji se ne mogu li\u010dno identifikovati, kao \u0161to su posje\u0107ene stranice, vrijeme provedeno na sajtu, izvori preporuka, vrste ure\u0111aja i op\u0161ta geografska lokacija.<\/li><\/ul><hr class=\"\" data-start=\"1105\" data-end=\"1108\"><h3 class=\"\" data-start=\"1110\" data-end=\"1144\">2. Kako koristimo va\u0161e podatke<\/h3><p class=\"\" data-start=\"1146\" data-end=\"1183\">Prikupljene informacije koristimo za:<\/p><ul><li data-start=\"1187\" data-end=\"1224\">Odgovoriti na va\u0161a pitanja ili zahtjeve<\/li><li data-start=\"1227\" data-end=\"1276\">Pobolj\u0161anje funkcionalnosti web stranice i korisni\u010dkog iskustva<\/li><li data-start=\"1279\" data-end=\"1313\">Analiziranje prometa i obrasca kori\u0161\u0107enja<\/li><li data-start=\"1316\" data-end=\"1357\">Odr\u017eavanje sigurnosti i performansi web stranice<\/li><\/ul><p class=\"\" data-start=\"1359\" data-end=\"1426\">Ne prodajemo, ne iznajmljujemo niti ne razmjenjujemo va\u0161e li\u010dne podatke tre\u0107im stranama.<\/p><hr class=\"\" data-start=\"1428\" data-end=\"1431\"><h3 class=\"\" data-start=\"1433\" data-end=\"1473\">3. Kola\u010di\u0107i i tehnologije pra\u0107enja<\/h3><p class=\"\" data-start=\"1475\" data-end=\"1685\">Na\u0161a web stranica koristi kola\u010di\u0107e i sli\u010dne tehnologije za podr\u0161ku funkcionalnosti i prikupljanje analiti\u010dkih podataka. Mo\u017eete prilagoditi postavke preglednika da biste odbili kola\u010di\u0107e, ali to bi moglo utjecati na performanse stranice. <\/p><hr class=\"\" data-start=\"1687\" data-end=\"1690\"><h3 class=\"\" data-start=\"1692\" data-end=\"1716\">4. Alati tre\u0107ih strana<\/h3><p class=\"\" data-start=\"1718\" data-end=\"1760\">Koristimo sljede\u0107e usluge tre\u0107ih strana:<\/p><ul><li data-start=\"1764\" data-end=\"1850\"><strong data-start=\"1764\" data-end=\"1792\">Google Analytics 4 (GA4)<\/strong> : Poma\u017ee nam da razumijemo kako korisnici koriste na\u0161u web stranicu.<\/li><li data-start=\"1853\" data-end=\"1960\"><strong data-start=\"1853\" data-end=\"1878\">Google Search Console<\/strong> : Omogu\u0107ava nam pra\u0107enje i rje\u0161avanje problema s performansama web-stranice u rezultatima Google pretrage.<\/li><\/ul><p class=\"\" data-start=\"1962\" data-end=\"2153\">Ove usluge mogu prikupljati podatke u skladu sa svojim vlastitim politikama privatnosti. Vi\u0161e o Googleovim praksama u vezi s podacima mo\u017eete saznati <a class=\"cursor-pointer\" target=\"_new\" rel=\"noopener\" data-start=\"2090\" data-end=\"2152\">ovdje<\/a> . <\/p><hr class=\"\" data-start=\"2155\" data-end=\"2158\"><h3 class=\"\" data-start=\"2160\" data-end=\"2180\">5. Sigurnost podataka<\/h3><p class=\"\" data-start=\"2182\" data-end=\"2344\">Poduzimamo odgovaraju\u0107e tehni\u010dke i organizacijske mjere kako bismo za\u0161titili va\u0161e li\u010dne podatke od neovla\u0161tenog pristupa, izmjene, otkrivanja ili uni\u0161tavanja.<\/p><hr class=\"\" data-start=\"2346\" data-end=\"2349\"><h3 class=\"\" data-start=\"2351\" data-end=\"2369\">6. Va\u0161a prava<\/h3><p class=\"\" data-start=\"2371\" data-end=\"2397\">Imate pravo na:<\/p><ul><li data-start=\"2401\" data-end=\"2454\">Zahtjev za pristup li\u010dnim podacima koje imamo o vama<\/li><li data-start=\"2457\" data-end=\"2494\">Zatra\u017eite od nas da ispravimo ili izbri\u0161emo va\u0161e podatke<\/li><li data-start=\"2497\" data-end=\"2551\">Prigovorite na ili ograni\u010dite odre\u0111ene vrste obrade podataka<\/li><li data-start=\"2553\" data-end=\"2596\">Molimo kontaktirajte nas kako biste ostvarili ova prava.<\/li><\/ul><hr class=\"\" data-start=\"2598\" data-end=\"2601\"><h2 data-start=\"2603\" data-end=\"2620\">7. Kontaktirajte nas<\/h2><p class=\"\" data-start=\"2622\" data-end=\"2736\">Ako imate bilo kakvih pitanja ili nedoumica u vezi s ovom Politikom privatnosti ili na\u010dinom na koji obra\u0111ujemo va\u0161e podatke, mo\u017eete nas kontaktirati na:<\/p><p class=\"\" data-start=\"2738\" data-end=\"2878\"><strong data-start=\"2738\" data-end=\"2755\">Porto Capital<\/strong><br data-start=\"2755\" data-end=\"2758\"> Telefon: +382 69 304 304<br data-start=\"2780\" data-end=\"2783\"> E-po\u0161ta: <a class=\"cursor-pointer\" rel=\"noopener\" data-start=\"2790\" data-end=\"2812\">info@porto-capital.com<\/a><br data-start=\"2812\" data-end=\"2815\"> Web stranica: <a class=\"\" href=\"https:\/\/porto-capital.com\/sr\/\" target=\"_new\" rel=\"noopener\" data-start=\"2824\" data-end=\"2878\">https:\/\/porto-capital.com<\/a><\/p><hr class=\"\" data-start=\"2880\" data-end=\"2883\"><h2 data-start=\"2885\" data-end=\"2914\">8. Izmjene ove politike<\/h2><p class=\"\" data-start=\"2916\" data-end=\"3042\">Ovu Politiku privatnosti mo\u017eemo s vremena na vrijeme a\u017eurirati. Sva a\u017euriranja bit \u0107e objavljena na ovoj stranici s revidiranim datumom na vrhu. <\/p>\t\t\t\t\t\t\t\t<\/div>\n\t\t\t\t<\/div>\n\t\t\t\t\t<\/div>\n\t\t\t\t<\/div>\n\t\t\t\t<\/div>\n\t\t","protected":false},"excerpt":{"rendered":"<p>Posljednje a\u017euriranje: 19.05.2025. U Porto Capitalu, dostupnom na https:\/\/porto-capital.com , posve\u0107eni smo za\u0161titi va\u0161e privatnosti i osiguravanju sigurnosti va\u0161ih li\u010dnih podataka. Ova Politika privatnosti obja\u0161njava kako prikupljamo, koristimo i \u0161titimo va\u0161e podatke kada posjetite na\u0161u web stranicu ili komunicirate s nama. 1. Informacije koje prikupljamo Mo\u017eemo prikupljati i obra\u0111ivati \u200b\u200bsljede\u0107e vrste podataka: Li\u010dni podaci : Ako nas kontaktirate putem na\u0161e web stranice (npr. putem &#8230;<\/p>\n","protected":false},"author":1,"featured_media":0,"parent":0,"menu_order":0,"comment_status":"closed","ping_status":"closed","template":"","meta":{"inline_featured_image":false,"footnotes":""},"class_list":["post-28677","page","type-page","status-publish","hentry"],"_links":{"self":[{"href":"https:\/\/porto-capital.com\/sr\/wp-json\/wp\/v2\/pages\/28677","targetHints":{"allow":["GET"]}}],"collection":[{"href":"https:\/\/porto-capital.com\/sr\/wp-json\/wp\/v2\/pages"}],"about":[{"href":"https:\/\/porto-capital.com\/sr\/wp-json\/wp\/v2\/types\/page"}],"author":[{"embeddable":true,"href":"https:\/\/porto-capital.com\/sr\/wp-json\/wp\/v2\/users\/1"}],"replies":[{"embeddable":true,"href":"https:\/\/porto-capital.com\/sr\/wp-json\/wp\/v2\/comments?post=28677"}],"version-history":[{"count":2,"href":"https:\/\/porto-capital.com\/sr\/wp-json\/wp\/v2\/pages\/28677\/revisions"}],"predecessor-version":[{"id":31722,"href":"https:\/\/porto-capital.com\/sr\/wp-json\/wp\/v2\/pages\/28677\/revisions\/31722"}],"wp:attachment":[{"href":"https:\/\/porto-capital.com\/sr\/wp-json\/wp\/v2\/media?parent=28677"}],"curies":[{"name":"wp","href":"https:\/\/api.w.org\/{rel}","templated":true}]}}