{"id":28656,"date":"2015-02-19T09:48:19","date_gmt":"2015-02-19T09:48:19","guid":{"rendered":"https:\/\/porto-capital.com\/kontaktirajte-nas\/"},"modified":"2025-04-13T12:14:03","modified_gmt":"2025-04-13T12:14:03","slug":"kontaktirajte-nas","status":"publish","type":"page","link":"https:\/\/porto-capital.com\/sr\/kontaktirajte-nas\/","title":{"rendered":"Kontaktirajte nas"},"content":{"rendered":"<p class=\"\" data-start=\"148\" data-end=\"492\">Ako tra\u017eite nekretninu za prodaju bilo gdje u Crnoj Gori, na\u0161a platforma vam omogu\u0107ava jednostavno i efikasno pretra\u017eivanje. Iskoristite na\u0161u intuitivnu funkciju geolokacije kako biste istra\u017eili vile, stanove ili zemlji\u0161ta na \u017eeljenoj lokaciji, i slobodno nas kontaktirajte ukoliko imate bilo kakva pitanja. Tu smo da vam u svakom trenutku pomognemo da prona\u0111ete idealnu nekretninu ili zemlji\u0161te.  <\/p>\n<p class=\"\" data-start=\"494\" data-end=\"776\">Bilo da ste u potrazi za domom iz snova, istra\u017eujete nove projekte ili planirate prodaju svoje nekretnine, na\u0161 iskusan tim je tu da vas podr\u017ei na svakom koraku. <\/p>\n","protected":false},"excerpt":{"rendered":"<p>Ako tra\u017eite nekretninu za prodaju bilo gdje u Crnoj Gori, na\u0161a platforma vam omogu\u0107ava jednostavno i efikasno pretra\u017eivanje. Iskoristite na\u0161u intuitivnu funkciju geolokacije kako biste istra\u017eili vile, stanove ili zemlji\u0161ta na \u017eeljenoj lokaciji, i slobodno nas kontaktirajte ukoliko imate bilo kakva pitanja. Tu smo da vam u svakom trenutku pomognemo da prona\u0111ete idealnu nekretninu ili zemlji\u0161te. Bilo da ste u potrazi za domom iz &#8230;<\/p>\n","protected":false},"author":1,"featured_media":28738,"parent":0,"menu_order":0,"comment_status":"open","ping_status":"open","template":"page-templates\/contact_page.php","meta":{"inline_featured_image":false,"footnotes":""},"class_list":["post-28656","page","type-page","status-publish","has-post-thumbnail","hentry"],"_links":{"self":[{"href":"https:\/\/porto-capital.com\/sr\/wp-json\/wp\/v2\/pages\/28656","targetHints":{"allow":["GET"]}}],"collection":[{"href":"https:\/\/porto-capital.com\/sr\/wp-json\/wp\/v2\/pages"}],"about":[{"href":"https:\/\/porto-capital.com\/sr\/wp-json\/wp\/v2\/types\/page"}],"author":[{"embeddable":true,"href":"https:\/\/porto-capital.com\/sr\/wp-json\/wp\/v2\/users\/1"}],"replies":[{"embeddable":true,"href":"https:\/\/porto-capital.com\/sr\/wp-json\/wp\/v2\/comments?post=28656"}],"version-history":[{"count":2,"href":"https:\/\/porto-capital.com\/sr\/wp-json\/wp\/v2\/pages\/28656\/revisions"}],"predecessor-version":[{"id":28741,"href":"https:\/\/porto-capital.com\/sr\/wp-json\/wp\/v2\/pages\/28656\/revisions\/28741"}],"wp:featuredmedia":[{"embeddable":true,"href":"https:\/\/porto-capital.com\/sr\/wp-json\/wp\/v2\/media\/28738"}],"wp:attachment":[{"href":"https:\/\/porto-capital.com\/sr\/wp-json\/wp\/v2\/media?parent=28656"}],"curies":[{"name":"wp","href":"https:\/\/api.w.org\/{rel}","templated":true}]}}